{"id":16,"date":"2017-08-28T11:32:29","date_gmt":"2017-08-28T09:32:29","guid":{"rendered":"http:\/\/dr-covic.fr\/?page_id=16"},"modified":"2017-08-28T11:32:29","modified_gmt":"2017-08-28T09:32:29","slug":"qui-suis-je","status":"publish","type":"page","link":"https:\/\/dr-covic.websitedesign.fr\/?page_id=16","title":{"rendered":"Qui suis-je ?"},"content":{"rendered":"<p>Ancien chirurgien exer\u00e7ant \u00e0 Paris, je me concentre \u00e0 pr\u00e9sent sur la formation de futurs m\u00e9decins en donnant des cours en \u00e9cole de m\u00e9decine (dont je ne citerai bien \u00e9videmment pas le nom) pour les futurs m\u00e9decins et, pourquoi pas, futurs chirurgiens. En parall\u00e8le de cela je tiens \u00e9galement ce <strong>blog de chirurgie esth\u00e9tique<\/strong> qui sert \u00e0 la fois de support de cours pour mes \u00e9tudiants mais qui est \u00e9galement une source d&#8217;information pour celles et ceux qui souhaiteraient franchir le pas de la chirurgie esth\u00e9tique mais aimeraient s&#8217;informer en profondeur et poss\u00e9der toutes les cartes en mains avant de se lancer.<\/p>\n<p>Sur ce blog je m&#8217;attarderai principalement sur les probl\u00e9matiques de la <strong>chirurgie et de la m\u00e9decine esth\u00e9tique<\/strong>. Ce sont deux pratiques assez diff\u00e9rentes qui ont n\u00e9anmoins le m\u00eame but : embellir , corriger un d\u00e9faut, am\u00e9liorer l&#8217;apparence de la personne qui souhaite avoir recours \u00e0 ces techniques.<\/p>\n<p>La chirurgie esth\u00e9tique est une pratique que je connais extr\u00eamement bien de par le m\u00e9tier que j&#8217;ai pu exercer durant plusieurs ann\u00e9es. C&#8217;est cependant de mani\u00e8re tr\u00e8s humble que je vous d\u00e9livrerai au travers de ce blog sur la chirurgie plastique, des informations, bonnes adresses et bonnes pratiques sur tout ce qui peut toucher <strong>de pr\u00e8s ou de loin la chirurgie ainsi que la m\u00e9decine esth\u00e9tique<\/strong>.<\/p>\n<p>Bien \u00e9videmment, le fait que je puisse donner des cours \u00e0 des \u00e9tudiants en m\u00e9decine se r\u00e9v\u00e8le \u00eatre une v\u00e9ritable chance et une source d&#8217;inspiration au quotidien. Je peux en effet piocher ici et l\u00e0 les questions que se posent certains \u00e9tudiants, questions que peuvent se poser des personnes comme vous, peut \u00eatre qui \u00eates en train de me lire, et qui vous demandez si telle intervention chirurgicale est sans danger ou si la m\u00e9decine esth\u00e9tique est r\u00e9ellement une bonne alternative pour obtenir des r\u00e9sultats sans risquer un choix que l&#8217;on regretterait.<\/p>\n<p>J&#8217;esp\u00e8re pouvoir r\u00e9pondre \u00e0 un maximum de question \u00e0 travers les articles pr\u00e9sents sur ce blog de chirurgie, pour un meilleur acc\u00e8s \u00e0 l&#8217;information m\u00e9dicale &#8230;<\/p>\n","protected":false},"excerpt":{"rendered":"<p>Ancien chirurgien exer\u00e7ant \u00e0 Paris, je me concentre \u00e0 pr\u00e9sent sur la formation de futurs m\u00e9decins en donnant des cours en \u00e9cole de m\u00e9decine (dont je ne citerai bien \u00e9videmment pas le nom) pour les futurs m\u00e9decins et, pourquoi pas, futurs chirurgiens. En parall\u00e8le de cela je tiens \u00e9galement ce blog de chirurgie esth\u00e9tique qui [&hellip;]<\/p>\n","protected":false},"author":1,"featured_media":0,"parent":0,"menu_order":0,"comment_status":"closed","ping_status":"closed","template":"","meta":{"footnotes":""},"class_list":["post-16","page","type-page","status-publish","hentry"],"_links":{"self":[{"href":"https:\/\/dr-covic.websitedesign.fr\/index.php?rest_route=\/wp\/v2\/pages\/16","targetHints":{"allow":["GET"]}}],"collection":[{"href":"https:\/\/dr-covic.websitedesign.fr\/index.php?rest_route=\/wp\/v2\/pages"}],"about":[{"href":"https:\/\/dr-covic.websitedesign.fr\/index.php?rest_route=\/wp\/v2\/types\/page"}],"author":[{"embeddable":true,"href":"https:\/\/dr-covic.websitedesign.fr\/index.php?rest_route=\/wp\/v2\/users\/1"}],"replies":[{"embeddable":true,"href":"https:\/\/dr-covic.websitedesign.fr\/index.php?rest_route=%2Fwp%2Fv2%2Fcomments&post=16"}],"version-history":[{"count":0,"href":"https:\/\/dr-covic.websitedesign.fr\/index.php?rest_route=\/wp\/v2\/pages\/16\/revisions"}],"wp:attachment":[{"href":"https:\/\/dr-covic.websitedesign.fr\/index.php?rest_route=%2Fwp%2Fv2%2Fmedia&parent=16"}],"curies":[{"name":"wp","href":"https:\/\/api.w.org\/{rel}","templated":true}]}}